{"id":1085,"date":"2025-02-27T14:12:17","date_gmt":"2025-02-27T14:12:17","guid":{"rendered":"https:\/\/vanbreukelenkaas.nl\/ueber-uns\/"},"modified":"2025-08-20T07:04:04","modified_gmt":"2025-08-20T07:04:04","slug":"ueber-uns","status":"publish","type":"page","link":"https:\/\/vanbreukelenkaas.nl\/de\/ueber-uns\/","title":{"rendered":"\u00dcber uns"},"content":{"rendered":"\t\t<div data-elementor-type=\"wp-page\" data-elementor-id=\"1085\" class=\"elementor elementor-1085 elementor-81\" data-elementor-post-type=\"page\">\n\t\t\t\t<div class=\"elementor-element elementor-element-bd120eb e-flex e-con-boxed e-con e-parent\" data-id=\"bd120eb\" data-element_type=\"container\" data-e-type=\"container\">\n\t\t\t\t\t<div class=\"e-con-inner\">\n\t\t<div class=\"elementor-element elementor-element-aa4dc40 e-con-full e-flex e-con e-child\" data-id=\"aa4dc40\" data-element_type=\"container\" data-e-type=\"container\">\n\t\t<div class=\"elementor-element elementor-element-d2525b8 e-con-full e-flex e-con e-child\" data-id=\"d2525b8\" data-element_type=\"container\" data-e-type=\"container\">\n\t\t\t\t<div class=\"elementor-element elementor-element-4130907 sc-pagina-titel elementor-widget elementor-widget-heading\" data-id=\"4130907\" data-element_type=\"widget\" data-e-type=\"widget\" data-widget_type=\"heading.default\">\n\t\t\t\t<div class=\"elementor-widget-container\">\n\t\t\t\t\t<h2 class=\"elementor-heading-title elementor-size-default\">\u00dcber uns<\/h2>\t\t\t\t<\/div>\n\t\t\t\t<\/div>\n\t\t\t\t<div class=\"elementor-element elementor-element-2bb42f7 sc-pagina-intro elementor-widget elementor-widget-text-editor\" data-id=\"2bb42f7\" data-element_type=\"widget\" data-e-type=\"widget\" data-widget_type=\"text-editor.default\">\n\t\t\t\t<div class=\"elementor-widget-container\">\n\t\t\t\t\t\t\t\t\t<p><span>Van Breukelen Kaas ist ein echtes Familienunternehmen mit einer reichen Geschichte. Was 1948 als Handel mit Bauernk\u00e4se per Lastenfahrrad begann, hat sich zu einem traditionellen und zugleich innovativen Familienbetrieb entwickelt \u2013 ein Komplettanbieter mit eigener, traditioneller K\u00e4se-Reifung. Neben Gouda bieten wir auch ein vielf\u00e4ltiges Sortiment an internationalen K\u00e4sesorten, K\u00e4sebegleitern, N\u00fcssen, Salaten, mediterranen Spezialit\u00e4ten und weiteren Produkten an.<\/span><\/p>\n<p><span>Wir legen gr\u00f6\u00dften Wert auf die Auswahl, \u00dcberwachung und Garantie der besten K\u00e4sequalit\u00e4t. In unserem Service stehen pers\u00f6nliche Betreuung, Flexibilit\u00e4t, kurze Kommunikationswege, schnelle Reaktionszeiten und Kundenorientierung im Mittelpunkt. Van Breukelen Kaas ist zentral im Gr\u00fcnen Herzen der Niederlande gelegen.<\/span><\/p>\n\t\t\t\t\t\t\t\t<\/div>\n\t\t\t\t<\/div>\n\t\t\t\t<div class=\"elementor-element elementor-element-20816bf elementor-widget elementor-widget-menu-anchor\" data-id=\"20816bf\" data-element_type=\"widget\" data-e-type=\"widget\" data-widget_type=\"menu-anchor.default\">\n\t\t\t\t<div class=\"elementor-widget-container\">\n\t\t\t\t\t\t\t<div class=\"elementor-menu-anchor\" id=\"sc-geschiedenis\"><\/div>\n\t\t\t\t\t\t<\/div>\n\t\t\t\t<\/div>\n\t\t\t\t<\/div>\n\t\t<div class=\"elementor-element elementor-element-a532839 e-con-full e-flex e-con e-child\" data-id=\"a532839\" data-element_type=\"container\" data-e-type=\"container\">\n\t\t\t\t<div class=\"elementor-element elementor-element-94607e3 elementor-widget elementor-widget-image\" data-id=\"94607e3\" data-element_type=\"widget\" data-e-type=\"widget\" data-widget_type=\"image.default\">\n\t\t\t\t<div class=\"elementor-widget-container\">\n\t\t\t\t\t\t\t\t\t\t\t\t\t\t\t<img fetchpriority=\"high\" decoding=\"async\" width=\"1920\" height=\"1280\" src=\"https:\/\/vanbreukelenkaas.nl\/wp-content\/uploads\/2025\/03\/Ge-Martijn-van-Breukelen.jpg\" class=\"attachment-full size-full wp-image-1086\" alt=\"Ge Martijn van Breukelen\" srcset=\"https:\/\/vanbreukelenkaas.nl\/wp-content\/uploads\/2025\/03\/Ge-Martijn-van-Breukelen.jpg 1920w, https:\/\/vanbreukelenkaas.nl\/wp-content\/uploads\/2025\/03\/Ge-Martijn-van-Breukelen-300x200.jpg 300w, https:\/\/vanbreukelenkaas.nl\/wp-content\/uploads\/2025\/03\/Ge-Martijn-van-Breukelen-1024x683.jpg 1024w\" sizes=\"(max-width: 1920px) 100vw, 1920px\" \/>\t\t\t\t\t\t\t\t\t\t\t\t\t\t\t<\/div>\n\t\t\t\t<\/div>\n\t\t\t\t<\/div>\n\t\t\t\t<\/div>\n\t\t<div class=\"elementor-element elementor-element-6cf150b e-con-full dc-has-condition dc-condition-equal e-flex e-con e-child\" data-id=\"6cf150b\" data-element_type=\"container\" data-e-type=\"container\">\n\t\t<div class=\"elementor-element elementor-element-d8df0d5 e-con-full dc-has-condition dc-condition-not_empty e-flex e-con e-child\" data-id=\"d8df0d5\" data-element_type=\"container\" data-e-type=\"container\">\n\t\t<div class=\"elementor-element elementor-element-f1ee008 e-con-full e-flex e-con e-child\" data-id=\"f1ee008\" data-element_type=\"container\" data-e-type=\"container\">\n\t\t\t\t<div class=\"elementor-element elementor-element-c9173fc elementor-widget elementor-widget-heading\" data-id=\"c9173fc\" data-element_type=\"widget\" data-e-type=\"widget\" data-widget_type=\"heading.default\">\n\t\t\t\t<div class=\"elementor-widget-container\">\n\t\t\t\t\t<h2 class=\"elementor-heading-title elementor-size-default\">Geschichte<\/h2>\t\t\t\t<\/div>\n\t\t\t\t<\/div>\n\t\t\t\t<div class=\"elementor-element elementor-element-1c8ca44 elementor-widget elementor-widget-text-editor\" data-id=\"1c8ca44\" data-element_type=\"widget\" data-e-type=\"widget\" data-widget_type=\"text-editor.default\">\n\t\t\t\t<div class=\"elementor-widget-container\">\n\t\t\t\t\t\t\t\t\t<p><span>Alles begann 1948 mit Herman van Breukelen, der mit seinem Lastenfahrrad von Bauernhof zu Bauernhof fuhr, um Bauernk\u00e4se einzukaufen. Diesen verkaufte er an lokale Gesch\u00e4fte. Bald tauschte er das Fahrrad gegen ein Auto ein. 1959 wuchs das Gesch\u00e4ft so stark, dass in ein eigenes K\u00e4selager an der Singel in Woerden investiert wurde.<\/span><\/p>\n<p><span>Im K\u00e4selager an der Singel reifte der K\u00e4se auf nat\u00fcrliche Weise. Die Temperatur und Luftfeuchtigkeit wurden damals noch durch \u00d6ffnen und Schlie\u00dfen der Fenster reguliert. Mit dem neuen Lager konnte Herman K\u00e4se lagern und reifen lassen. Au\u00dferdem erweiterte er den Verkauf auf Leiden, Amsterdam und Rotterdam.<\/span><\/p>\n<p><span>1984 \u00fcbernahm G\u00e9, Hermans \u00e4ltester Sohn, einen K\u00e4sehandel in S\u00fcd-Limburg. Er kaufte den K\u00e4se bei seinem Vater ein und verkaufte ihn lokal weiter. Nach einem Jahr benannte G\u00e9 seinen Betrieb in \u201eVan Breukelen Kaas\u201c um und baute ihn weiter aus.<\/span><\/p>\n\t\t\t\t\t\t\t\t<\/div>\n\t\t\t\t<\/div>\n\t\t\t\t<\/div>\n\t\t<div class=\"elementor-element elementor-element-831894a e-con-full e-flex e-con e-child\" data-id=\"831894a\" data-element_type=\"container\" data-e-type=\"container\">\n\t\t\t\t<div class=\"elementor-element elementor-element-e1064cf elementor-widget elementor-widget-image\" data-id=\"e1064cf\" data-element_type=\"widget\" data-e-type=\"widget\" data-widget_type=\"image.default\">\n\t\t\t\t<div class=\"elementor-widget-container\">\n\t\t\t\t\t\t\t\t\t\t\t\t\t\t\t<img decoding=\"async\" width=\"1024\" height=\"683\" src=\"https:\/\/vanbreukelenkaas.nl\/wp-content\/uploads\/2025\/03\/Van-Breukelen-Kaas-Woerden-1024x683.jpg\" class=\"attachment-large size-large wp-image-1088\" alt=\"Van Breukelen Kaas Woerden\" srcset=\"https:\/\/vanbreukelenkaas.nl\/wp-content\/uploads\/2025\/03\/Van-Breukelen-Kaas-Woerden-1024x683.jpg 1024w, https:\/\/vanbreukelenkaas.nl\/wp-content\/uploads\/2025\/03\/Van-Breukelen-Kaas-Woerden-300x200.jpg 300w, https:\/\/vanbreukelenkaas.nl\/wp-content\/uploads\/2025\/03\/Van-Breukelen-Kaas-Woerden.jpg 1920w\" sizes=\"(max-width: 1024px) 100vw, 1024px\" \/>\t\t\t\t\t\t\t\t\t\t\t\t\t\t\t<\/div>\n\t\t\t\t<\/div>\n\t\t\t\t<\/div>\n\t\t\t\t<\/div>\n\t\t<div class=\"elementor-element elementor-element-f213ef2 e-con-full dc-has-condition dc-condition-not_empty e-flex e-con e-child\" data-id=\"f213ef2\" data-element_type=\"container\" data-e-type=\"container\">\n\t\t<div class=\"elementor-element elementor-element-63c9b8e e-con-full e-flex e-con e-child\" data-id=\"63c9b8e\" data-element_type=\"container\" data-e-type=\"container\">\n\t\t\t\t<div class=\"elementor-element elementor-element-68f8f1f elementor-widget elementor-widget-image\" data-id=\"68f8f1f\" data-element_type=\"widget\" data-e-type=\"widget\" data-widget_type=\"image.default\">\n\t\t\t\t<div class=\"elementor-widget-container\">\n\t\t\t\t\t\t\t\t\t\t\t\t\t\t\t<img decoding=\"async\" width=\"1024\" height=\"683\" src=\"https:\/\/vanbreukelenkaas.nl\/wp-content\/uploads\/2025\/03\/Van-Breukelen-Kaas-Geschiedenis-1024x683.jpg\" class=\"attachment-large size-large wp-image-1087\" alt=\"Van Breukelen Kaas Geschiedenis\" srcset=\"https:\/\/vanbreukelenkaas.nl\/wp-content\/uploads\/2025\/03\/Van-Breukelen-Kaas-Geschiedenis-1024x683.jpg 1024w, https:\/\/vanbreukelenkaas.nl\/wp-content\/uploads\/2025\/03\/Van-Breukelen-Kaas-Geschiedenis-300x200.jpg 300w, https:\/\/vanbreukelenkaas.nl\/wp-content\/uploads\/2025\/03\/Van-Breukelen-Kaas-Geschiedenis.jpg 1920w\" sizes=\"(max-width: 1024px) 100vw, 1024px\" \/>\t\t\t\t\t\t\t\t\t\t\t\t\t\t\t<\/div>\n\t\t\t\t<\/div>\n\t\t\t\t<\/div>\n\t\t<div class=\"elementor-element elementor-element-56708ab e-con-full e-flex e-con e-child\" data-id=\"56708ab\" data-element_type=\"container\" data-e-type=\"container\">\n\t\t\t\t<div class=\"elementor-element elementor-element-5f014f9 elementor-widget elementor-widget-text-editor\" data-id=\"5f014f9\" data-element_type=\"widget\" data-e-type=\"widget\" data-widget_type=\"text-editor.default\">\n\t\t\t\t<div class=\"elementor-widget-container\">\n\t\t\t\t\t\t\t\t\t<p><span>Nach erfolgreichen Jahren in S\u00fcd-Limburg zog G\u00e9 1993 nach Woerden, um das Gesch\u00e4ft seines Vaters mit seinem eigenen zu vereinen. Aufgrund des anhaltenden Wachstums wurde mehr Platz ben\u00f6tigt, weshalb Van Breukelen Kaas 2001 in ein gr\u00f6\u00dferes Lager auf der anderen Seite von Woerden umzog.<\/span><\/p>\n<p><span>2008 erkannte G\u00e9 die Chancen einer Zusammenarbeit mit Keurmeester Natuurkaas. Nach jahrelanger Partnerschaft \u00fcbernahm er das Unternehmen 2013 vollst\u00e4ndig. Es folgte ein weiterer Umzug in gr\u00f6\u00dfere R\u00e4umlichkeiten an der Gildenweg in Woerden.<\/span><\/p>\n<p><span>Van Breukelen Kaas wird seit Generationen weitergegeben und seit 2019 ist die dritte Generation aktiv im Unternehmen t\u00e4tig. Martijn van Breukelen wird den Betrieb \u00fcbernehmen, sobald G\u00e9 in den Ruhestand geht. So sichern wir eine langfristige Zukunft f\u00fcr Van Breukelen Kaas.<\/span><\/p>\n\t\t\t\t\t\t\t\t<\/div>\n\t\t\t\t<\/div>\n\t\t\t\t<\/div>\n\t\t\t\t<\/div>\n\t\t\t\t<\/div>\n\t\t\t\t\t<\/div>\n\t\t\t\t<\/div>\n\t\t<div class=\"elementor-element elementor-element-eb7aa7d sc-cta-sectie e-flex e-con-boxed e-con e-parent\" data-id=\"eb7aa7d\" data-element_type=\"container\" data-e-type=\"container\" data-settings=\"{&quot;background_background&quot;:&quot;classic&quot;}\">\n\t\t\t\t\t<div class=\"e-con-inner\">\n\t\t\t\t<div class=\"elementor-element elementor-element-1140f82 elementor-widget__width-initial sc-cta-tekst elementor-widget elementor-widget-heading\" data-id=\"1140f82\" data-element_type=\"widget\" data-e-type=\"widget\" data-widget_type=\"heading.default\">\n\t\t\t\t<div class=\"elementor-widget-container\">\n\t\t\t\t\t<span class=\"elementor-heading-title elementor-size-default\">Ihr lieferant, der mitdenkt!<\/span>\t\t\t\t<\/div>\n\t\t\t\t<\/div>\n\t\t\t\t<div class=\"elementor-element elementor-element-6f91b52 sc-cta-knop elementor-widget elementor-widget-button\" data-id=\"6f91b52\" data-element_type=\"widget\" data-e-type=\"widget\" data-widget_type=\"button.default\">\n\t\t\t\t<div class=\"elementor-widget-container\">\n\t\t\t\t\t\t\t\t\t<div class=\"elementor-button-wrapper\">\n\t\t\t\t\t<a class=\"elementor-button elementor-button-link elementor-size-sm\" href=\"https:\/\/vanbreukelenkaas.nl\/de\/kontakt\/\">\n\t\t\t\t\t\t<span class=\"elementor-button-content-wrapper\">\n\t\t\t\t\t\t\t\t\t<span class=\"elementor-button-text\">Kontaktieren Sie uns<\/span>\n\t\t\t\t\t<\/span>\n\t\t\t\t\t<\/a>\n\t\t\t\t<\/div>\n\t\t\t\t\t\t\t\t<\/div>\n\t\t\t\t<\/div>\n\t\t\t\t\t<\/div>\n\t\t\t\t<\/div>\n\t\t\t\t<\/div>\n\t\t","protected":false},"excerpt":{"rendered":"<p>\u00dcber uns Van Breukelen Kaas ist ein echtes Familienunternehmen mit einer reichen Geschichte. Was 1948 als Handel mit Bauernk\u00e4se per Lastenfahrrad begann, hat sich zu einem traditionellen und zugleich innovativen Familienbetrieb entwickelt \u2013 ein Komplettanbieter mit eigener, traditioneller K\u00e4se-Reifung. Neben Gouda bieten wir auch ein vielf\u00e4ltiges Sortiment an internationalen K\u00e4sesorten, K\u00e4sebegleitern, N\u00fcssen, Salaten, mediterranen Spezialit\u00e4ten [&hellip;]<\/p>\n","protected":false},"author":1,"featured_media":0,"parent":0,"menu_order":0,"comment_status":"closed","ping_status":"closed","template":"","meta":{"_acf_changed":false,"inline_featured_image":false,"footnotes":""},"class_list":["post-1085","page","type-page","status-publish","hentry"],"acf":[],"_links":{"self":[{"href":"https:\/\/vanbreukelenkaas.nl\/de\/wp-json\/wp\/v2\/pages\/1085","targetHints":{"allow":["GET"]}}],"collection":[{"href":"https:\/\/vanbreukelenkaas.nl\/de\/wp-json\/wp\/v2\/pages"}],"about":[{"href":"https:\/\/vanbreukelenkaas.nl\/de\/wp-json\/wp\/v2\/types\/page"}],"author":[{"embeddable":true,"href":"https:\/\/vanbreukelenkaas.nl\/de\/wp-json\/wp\/v2\/users\/1"}],"replies":[{"embeddable":true,"href":"https:\/\/vanbreukelenkaas.nl\/de\/wp-json\/wp\/v2\/comments?post=1085"}],"version-history":[{"count":3,"href":"https:\/\/vanbreukelenkaas.nl\/de\/wp-json\/wp\/v2\/pages\/1085\/revisions"}],"predecessor-version":[{"id":1091,"href":"https:\/\/vanbreukelenkaas.nl\/de\/wp-json\/wp\/v2\/pages\/1085\/revisions\/1091"}],"wp:attachment":[{"href":"https:\/\/vanbreukelenkaas.nl\/de\/wp-json\/wp\/v2\/media?parent=1085"}],"curies":[{"name":"wp","href":"https:\/\/api.w.org\/{rel}","templated":true}]}}