{"id":1080,"date":"2023-11-03T13:31:54","date_gmt":"2023-11-03T13:31:54","guid":{"rendered":"https:\/\/vanbreukelenkaas.nl\/datenschutzerklaerung\/"},"modified":"2025-08-20T06:55:19","modified_gmt":"2025-08-20T06:55:19","slug":"datenschutzerklaerung","status":"publish","type":"page","link":"https:\/\/vanbreukelenkaas.nl\/de\/datenschutzerklaerung\/","title":{"rendered":"Datenschutzerkl\u00e4rung"},"content":{"rendered":"\t\t<div data-elementor-type=\"wp-page\" data-elementor-id=\"1080\" class=\"elementor elementor-1080 elementor-3\" data-elementor-post-type=\"page\">\n\t\t\t\t<div class=\"elementor-element elementor-element-7ee15e5 e-flex e-con-boxed e-con e-parent\" data-id=\"7ee15e5\" data-element_type=\"container\" data-e-type=\"container\">\n\t\t\t\t\t<div class=\"e-con-inner\">\n\t\t\t\t<div class=\"elementor-element elementor-element-8de81ab sc-pagina-titel elementor-widget elementor-widget-heading\" data-id=\"8de81ab\" data-element_type=\"widget\" data-e-type=\"widget\" data-widget_type=\"heading.default\">\n\t\t\t\t<div class=\"elementor-widget-container\">\n\t\t\t\t\t<h2 class=\"elementor-heading-title elementor-size-default\">Datenschutzerkl\u00e4rung Van Breukelen Kaas B.V.<\/h2>\t\t\t\t<\/div>\n\t\t\t\t<\/div>\n\t\t\t\t<div class=\"elementor-element elementor-element-6d09db9 sc-pagina-intro elementor-widget elementor-widget-text-editor\" data-id=\"6d09db9\" data-element_type=\"widget\" data-e-type=\"widget\" data-widget_type=\"text-editor.default\">\n\t\t\t\t<div class=\"elementor-widget-container\">\n\t\t\t\t\t\t\t\t\t<p><span>Van Breukelen Kaas B.V., ans\u00e4ssig in der Gildenweg 9 (3449 HT Woerden), ist verantwortlich f\u00fcr die Verarbeitung personenbezogener Daten, wie in dieser Datenschutzerkl\u00e4rung beschrieben. Wir erkl\u00e4ren Ihnen hier, welche personenbezogenen Daten wir erheben und verwenden und zu welchem Zweck. Wir empfehlen Ihnen, diese Erkl\u00e4rung sorgf\u00e4ltig zu lesen.<\/span><\/p>\n<p><strong><span>Kontaktinformationen<\/span><\/strong><\/p>\n<p><span>Wenn Sie aufgrund dieser Datenschutzerkl\u00e4rung Kontakt mit uns aufnehmen m\u00f6chten, k\u00f6nnen Sie dies \u00fcber die folgenden Kontaktdaten tun:<\/span><\/p>\n<p><span>Gildenweg 9<br \/>\n3449 HT Woerden<br \/>\nTel: +31 (0) 348 \u2013 420 139<br \/>\nE-Mail: info@vanbreukelenkaas.nl<\/span><\/p>\n<p><strong><span>Datenschutz\u00adrichtlinie Van Breukelen Kaas B.V.<\/span><\/strong><\/p>\n<p><span>Zur Durchf\u00fchrung unserer T\u00e4tigkeiten verarbeiten wir personenbezogene Daten. In einigen F\u00e4llen arbeiten wir dabei mit Dritten zusammen.<\/span><\/p>\n<p><span>Wir legen gro\u00dfen Wert darauf, sorgsam mit personenbezogenen Daten umzugehen. Personenbezogene Daten werden von uns daher sorgf\u00e4ltig verarbeitet und gesichert. Dabei halten wir uns an die Anforderungen der Datenschutzgesetze. Das bedeutet zum Beispiel, dass wir:<\/span><\/p>\n<ul>\n<li><span>klar angeben, zu welchen Zwecken wir personenbezogene Daten verarbeiten \u2013 dies geschieht \u00fcber diese Datenschutzerkl\u00e4rung;<\/span><\/li>\n<li><span>die Erhebung personenbezogener Daten auf diejenigen Daten beschr\u00e4nken, die f\u00fcr die angegebenen Zwecke erforderlich sind;<\/span><\/li>\n<li><span>Sie zun\u00e4chst um ausdr\u00fcckliche Zustimmung bitten, wenn Ihre Einwilligung zur Datenverarbeitung erforderlich ist;<\/span><\/li>\n<li><span>Ihre Daten nicht an Dritte weitergeben, es sei denn, dies ist erforderlich, um die gew\u00fcnschte Dienstleistung zu erbringen oder wir sind gesetzlich dazu verpflichtet;<\/span><\/li>\n<li><span>bei der Weitergabe Ihrer Daten mit Dritten Vereinbarungen treffen, um unter anderem sicherzustellen, dass diese Daten nicht f\u00fcr andere Zwecke genutzt werden;<\/span><\/li>\n<li><span>angemessene Sicherheitsma\u00dfnahmen zum Schutz Ihrer personenbezogenen Daten treffen und dies auch von Dritten verlangen, die in unserem Auftrag Daten verarbeiten;<\/span><\/li>\n<li><span>Ihr Recht respektieren, Ihre personenbezogenen Daten auf Anfrage einzusehen, zu korrigieren oder zu l\u00f6schen.<\/span><\/li>\n<\/ul>\n<p><strong><span>Verwendung personenbezogener Daten<\/span><\/strong><\/p>\n<p><span>Bei der Nutzung unserer Dienste und Websites hinterlassen Sie bestimmte Daten bei uns, darunter auch personenbezogene Daten. Wir verarbeiten nicht zwangsl\u00e4ufig alle unten aufgef\u00fchrten Daten, dies h\u00e4ngt von den von Ihnen genutzten Diensten und Funktionen ab.<\/span><\/p>\n<p><strong><span>Personenbezogene Daten, die wir verarbeiten<\/span><\/strong><\/p>\n<p><span>Je nach den von Ihnen auf unseren Websites genutzten Diensten und Funktionen k\u00f6nnen wir folgende personenbezogene Daten verarbeiten:<\/span><\/p>\n<ul>\n<li><span>Vor- und Nachname<\/span><\/li>\n<li><span>E-Mail-Adresse<\/span><\/li>\n<li><span>Telefonnummer<\/span><\/li>\n<li><span>Informationen, die Sie selbst in freie Felder eingeben, z. B. eine Nachricht im Kontaktformular<\/span><\/li>\n<li><span>IP-Adresse<\/span><\/li>\n<li><span>Internetbrowser und Ger\u00e4tetyp<\/span><\/li>\n<\/ul>\n<p><span>Es kann auch sein, dass Ihre Daten von jemand anderem angegeben wurden, z. B. wenn ein Kunde eine Bestellung an Sie als Geschenk senden m\u00f6chte. In diesem Fall verwenden wir nur Ihren Namen und Ihre Adressdaten, um die Bestellung bei Ihnen zuzustellen.<\/span><\/p>\n<p><strong><span>Zwecke<\/span><\/strong><\/p>\n<p><span>Wir verarbeiten die oben genannten Daten zu einem oder mehreren der folgenden Zwecke (abh\u00e4ngig davon, welche Dienste oder Funktionen Sie nutzen):<\/span><\/p>\n<ul>\n<li><span>Versand unseres Newsletters und\/oder Werbeflyers<\/span><\/li>\n<li><span>Um Sie anzurufen oder per E-Mail zu kontaktieren, wenn dies f\u00fcr die Durchf\u00fchrung unserer Dienstleistung erforderlich ist<\/span><\/li>\n<li><span>Um Sie \u00fcber \u00c4nderungen unserer Dienstleistungen und Produkte zu informieren<\/span><\/li>\n<li><span>Van Breukelen Kaas B.V. analysiert Ihr Verhalten auf der Website, um die Website zu verbessern<\/span><\/li>\n<li><span>Van Breukelen Kaas B.V. verarbeitet personenbezogene Daten auch, wenn wir gesetzlich dazu verpflichtet sind, z. B. f\u00fcr die Steuererkl\u00e4rung<\/span><\/li>\n<\/ul>\n<p><strong><span>Weitergabe personenbezogener Daten an Dritte<\/span><\/strong><\/p>\n<p><span>Wir geben die von Ihnen bereitgestellten Daten an Dritte weiter (z. B. Zahlungsdienste oder Versandunternehmen), wenn dies f\u00fcr die Lieferung der von Ihnen bestellten Produkte oder angeforderten Dienstleistungen erforderlich ist.<\/span><\/p>\n<p><span>Wenn wir Ihre Daten an Dritte weitergeben, sorgen wir u. a. (durch Auftragsverarbeitungsvertr\u00e4ge) daf\u00fcr, dass Ihre Daten nicht f\u00fcr andere Zwecke verwendet werden. Au\u00dferdem vereinbaren wir, dass Ihre Daten gel\u00f6scht werden, sobald sie nicht mehr ben\u00f6tigt werden.<\/span><\/p>\n<p><span>Van Breukelen Kaas B.V. verkauft Ihre Daten nicht an Dritte und gibt sie nur weiter, wenn dies zur Erf\u00fcllung unseres Vertrags mit Ihnen oder zur Einhaltung gesetzlicher Verpflichtungen notwendig ist. Mit Unternehmen, die Ihre Daten in unserem Auftrag verarbeiten, schlie\u00dfen wir Auftragsverarbeitungsvertr\u00e4ge ab, um ein gleiches Sicherheits- und Vertraulichkeitsniveau zu gew\u00e4hrleisten. Van Breukelen Kaas B.V. bleibt f\u00fcr diese Verarbeitung verantwortlich.<\/span><\/p>\n<p><strong><span>Sicherung und Speicherung<\/span><\/strong><\/p>\n<p><span>Wir ergreifen angemessene Sicherheitsma\u00dfnahmen, um Missbrauch und unbefugten Zugriff auf Ihre personenbezogenen Daten zu verhindern. So stellen wir sicher, dass nur notwendige Personen Zugriff auf die Daten haben, dass der Zugang gesch\u00fctzt ist und unsere Sicherheitsma\u00dfnahmen regelm\u00e4\u00dfig \u00fcberpr\u00fcft werden.<\/span><\/p>\n<p><span>Wir speichern die Daten nicht l\u00e4nger als notwendig, das hei\u00dft so lange, wie es zur Erbringung der von Ihnen gew\u00fcnschten Dienstleistung erforderlich ist. Ausgenommen sind Daten, die wir l\u00e4nger aufbewahren m\u00fcssen, weil wir gesetzlich dazu verpflichtet sind.<\/span><\/p>\n<p><span>Wir nehmen den Schutz Ihrer Daten ernst und treffen Ma\u00dfnahmen gegen Missbrauch, Verlust, unbefugten Zugriff, ungewollte Ver\u00f6ffentlichung und unautorisierte \u00c4nderungen. Wenn Sie den Eindruck haben, dass Ihre Daten nicht ausreichend gesch\u00fctzt sind oder Hinweise auf Missbrauch bestehen, kontaktieren Sie uns bitte unter info@vanbreukelenkaas.nl. Wir haben folgende Ma\u00dfnahmen ergriffen, um Ihre Daten zu sch\u00fctzen:<\/span><\/p>\n<ul>\n<li><span>Sicherheitssoftware wie Virenscanner und Firewall<\/span><\/li>\n<li><span>TLS (fr\u00fcher SSL): Wir \u00fcbertragen Ihre Daten \u00fcber eine gesicherte Internetverbindung. Erkennbar an der Adresszeile mit \u201ehttps\u201c und dem Schloss-Symbol<\/span><\/li>\n<\/ul>\n<p><strong><span>Cookies<\/span><\/strong><\/p>\n<p><span>Van Breukelen Kaas B.V. verwendet funktionale, analytische und Tracking-Cookies. Ein Cookie ist eine kleine Textdatei, die beim ersten Besuch dieser Website im Browser Ihres Computers, Tablets oder Smartphones gespeichert wird. Wir verwenden Cookies mit rein technischer Funktionalit\u00e4t. Diese sorgen daf\u00fcr, dass die Website ordnungsgem\u00e4\u00df funktioniert und beispielsweise Ihre Voreinstellungen gespeichert werden. Diese Cookies werden auch genutzt, um die Website zu optimieren. Zus\u00e4tzlich setzen wir Cookies ein, die Ihr Surfverhalten verfolgen, um Einblicke zu erhalten, wie wir die Website verbessern k\u00f6nnen.<\/span><\/p>\n<p><span>Bei Ihrem ersten Besuch unserer Website haben wir Sie bereits \u00fcber diese Cookies informiert und um Ihre Zustimmung gebeten.<\/span><\/p>\n<p><span>Sie k\u00f6nnen Cookies deaktivieren, indem Sie Ihren Browser so einstellen, dass keine Cookies mehr gespeichert werden. Au\u00dferdem k\u00f6nnen Sie bereits gespeicherte Cookies \u00fcber die Browsereinstellungen l\u00f6schen. Hier finden Sie eine Anleitung.<\/span><\/p>\n<p><span>Auch Cookies von Drittanbietern, wie Werbetreibenden und\/oder sozialen Medien, werden auf dieser Website gesetzt.<\/span><\/p>\n<p><strong><span>Automatisierte Entscheidungsfindung<\/span><\/strong><\/p>\n<p><span>Wir treffen keine Entscheidungen, die (erhebliche) Auswirkungen auf Personen haben, allein auf Grundlage automatisierter Verarbeitungen. Solche Entscheidungen werden nicht ohne Beteiligung eines Menschen (z. B. eines Mitarbeiters von Van Breukelen Kaas B.V.) getroffen.<\/span><\/p>\n<p><strong><span>Einsicht, \u00c4nderung oder L\u00f6schung von Daten<\/span><\/strong><\/p>\n<p><span>Sie haben das Recht, Ihre personenbezogenen Daten einzusehen, zu korrigieren oder zu l\u00f6schen. Zudem k\u00f6nnen Sie Ihre Zustimmung zur Datenverarbeitung widerrufen oder der Verarbeitung Ihrer Daten widersprechen. Au\u00dferdem haben Sie das Recht auf Daten\u00fcbertragbarkeit, d.h. Sie k\u00f6nnen von uns verlangen, die von uns \u00fcber Sie gespeicherten Daten in einem elektronischen Format an Sie oder eine von Ihnen genannte Organisation zu \u00fcbermitteln.<\/span><\/p>\n<p><span>Anfragen auf Einsicht, Korrektur, L\u00f6schung, Daten\u00fcbertragung, Widerruf der Einwilligung oder Widerspruch senden Sie bitte an info@vanbreukelenkaas.nl.<\/span><\/p>\n<p><span>Um sicherzustellen, dass die Anfrage von Ihnen stammt, bitten wir Sie, eine Kopie Ihres Ausweises beizuf\u00fcgen. Bitte schw\u00e4rzen Sie auf der Kopie Ihr Passfoto, die maschinenlesbare Zone (MRZ, der Streifen mit Nummern unten am Reisepass), die Passnummer und Ihre B\u00fcrgernummer (BSN) zum Schutz Ihrer Privatsph\u00e4re. Wir antworten so schnell wie m\u00f6glich, sp\u00e4testens jedoch innerhalb von vier Wochen.<\/span><\/p>\n<p><strong><span>Datenschutzbeh\u00f6rde<\/span><\/strong><\/p>\n<p><span>Wir weisen Sie darauf hin, dass Sie das Recht haben, eine Beschwerde bei der nationalen Aufsichtsbeh\u00f6rde, der Datenschutzbeh\u00f6rde, einzureichen. Das k\u00f6nnen Sie hier tun.<\/span><\/p>\n<p><strong><span>Webseiten Dritter<\/span><\/strong><\/p>\n<p><span>Diese Erkl\u00e4rung gilt nicht f\u00fcr Websites Dritter, die \u00fcber Links mit unserer Website verbunden sind. Wir k\u00f6nnen nicht garantieren, dass diese Websites Ihre personenbezogenen Daten sicher und vertrauensw\u00fcrdig behandeln. Lesen Sie daher stets die Datenschutzerkl\u00e4rung der jeweiligen Website, um zu erfahren, wie diese mit Ihren Daten umgehen.<\/span><\/p>\n<p><strong><span>\u00c4nderungen dieser Datenschutzerkl\u00e4rung<\/span><\/strong><\/p>\n<p><span>Wir k\u00f6nnen diese Datenschutzerkl\u00e4rung von Zeit zu Zeit \u00e4ndern. \u00c4nderungen werden auf unserer Website ver\u00f6ffentlicht. Ihre Daten werden niemals ohne Ihre Zustimmung f\u00fcr andere Zwecke verwendet.<\/span><\/p>\n<p><span>Wir empfehlen Ihnen daher, diese Datenschutzerkl\u00e4rung regelm\u00e4\u00dfig zu lesen, damit Sie \u00fcber \u00c4nderungen informiert sind.<\/span><\/p>\n<p><strong><span>Inkrafttreten<\/span><\/strong><\/p>\n<p><span>Diese (aktualisierte) Datenschutzerkl\u00e4rung ist am 12. M\u00e4rz 2025 in Kraft getreten.<\/span><\/p>\n\t\t\t\t\t\t\t\t<\/div>\n\t\t\t\t<\/div>\n\t\t\t\t\t<\/div>\n\t\t\t\t<\/div>\n\t\t\t\t<\/div>\n\t\t","protected":false},"excerpt":{"rendered":"<p>Datenschutzerkl\u00e4rung Van Breukelen Kaas B.V. Van Breukelen Kaas B.V., ans\u00e4ssig in der Gildenweg 9 (3449 HT Woerden), ist verantwortlich f\u00fcr die Verarbeitung personenbezogener Daten, wie in dieser Datenschutzerkl\u00e4rung beschrieben. Wir erkl\u00e4ren Ihnen hier, welche personenbezogenen Daten wir erheben und verwenden und zu welchem Zweck. Wir empfehlen Ihnen, diese Erkl\u00e4rung sorgf\u00e4ltig zu lesen. Kontaktinformationen Wenn Sie [&hellip;]<\/p>\n","protected":false},"author":1,"featured_media":0,"parent":0,"menu_order":0,"comment_status":"closed","ping_status":"closed","template":"","meta":{"_acf_changed":false,"inline_featured_image":false,"footnotes":""},"class_list":["post-1080","page","type-page","status-publish","hentry"],"acf":[],"_links":{"self":[{"href":"https:\/\/vanbreukelenkaas.nl\/de\/wp-json\/wp\/v2\/pages\/1080","targetHints":{"allow":["GET"]}}],"collection":[{"href":"https:\/\/vanbreukelenkaas.nl\/de\/wp-json\/wp\/v2\/pages"}],"about":[{"href":"https:\/\/vanbreukelenkaas.nl\/de\/wp-json\/wp\/v2\/types\/page"}],"author":[{"embeddable":true,"href":"https:\/\/vanbreukelenkaas.nl\/de\/wp-json\/wp\/v2\/users\/1"}],"replies":[{"embeddable":true,"href":"https:\/\/vanbreukelenkaas.nl\/de\/wp-json\/wp\/v2\/comments?post=1080"}],"version-history":[{"count":1,"href":"https:\/\/vanbreukelenkaas.nl\/de\/wp-json\/wp\/v2\/pages\/1080\/revisions"}],"predecessor-version":[{"id":1081,"href":"https:\/\/vanbreukelenkaas.nl\/de\/wp-json\/wp\/v2\/pages\/1080\/revisions\/1081"}],"wp:attachment":[{"href":"https:\/\/vanbreukelenkaas.nl\/de\/wp-json\/wp\/v2\/media?parent=1080"}],"curies":[{"name":"wp","href":"https:\/\/api.w.org\/{rel}","templated":true}]}}